{"id":10184,"date":"2020-05-09T05:10:25","date_gmt":"2020-05-09T04:10:25","guid":{"rendered":"https:\/\/www.optica-andorrana.com\/?page_id=10184"},"modified":"2022-04-25T14:00:28","modified_gmt":"2022-04-25T13:00:28","slug":"cita-previa","status":"publish","type":"page","link":"https:\/\/www.optica-andorrana.com\/ca\/cita-previa\/","title":{"rendered":"Cita pr\u00e8via"},"content":{"rendered":"[et_pb_section fb_built=&#8221;1&#8243; admin_label=&#8221;Secci\u00f3n&#8221; _builder_version=&#8221;4.7.7&#8243; custom_margin=&#8221;0px||||false|false&#8221; custom_padding=&#8221;0px||||false|false&#8221; da_disable_devices=&#8221;off|off|off&#8221; global_colors_info=&#8221;{}&#8221; da_is_popup=&#8221;off&#8221; da_exit_intent=&#8221;off&#8221; da_has_close=&#8221;on&#8221; da_alt_close=&#8221;off&#8221; da_dark_close=&#8221;off&#8221; da_not_modal=&#8221;on&#8221; da_is_singular=&#8221;off&#8221; da_with_loader=&#8221;off&#8221; da_has_shadow=&#8221;on&#8221;][et_pb_row admin_label=&#8221;Fila&#8221; _builder_version=&#8221;4.7.7&#8243; custom_margin=&#8221;||||false|false&#8221; custom_padding=&#8221;||||false|false&#8221; global_colors_info=&#8221;{}&#8221;][et_pb_column type=&#8221;4_4&#8243; _builder_version=&#8221;3.25&#8243; custom_padding=&#8221;|||&#8221; global_colors_info=&#8221;{}&#8221; custom_padding__hover=&#8221;|||&#8221;][et_pb_text admin_label=&#8221;T\u00edtulo&#8221; _builder_version=&#8221;4.4.6&#8243; text_font=&#8221;|600|||||||&#8221; header_font=&#8221;|700|||||||&#8221; header_text_color=&#8221;#e00000&#8243; header_2_font=&#8221;|700|||||||&#8221; header_2_text_color=&#8221;#e00000&#8243; header_2_line_height=&#8221;1.1em&#8221; custom_margin=&#8221;||0.3em|&#8221; global_colors_info=&#8221;{}&#8221;]\n<h1 class=\"entry-title\" rel=\"bookmark\">Demana la teva cita previa<\/h1>\n[\/et_pb_text][et_pb_text admin_label=&#8221;Texto&#8221; _builder_version=&#8221;4.14.8&#8243; header_font=&#8221;|||on|||||&#8221; header_text_color=&#8221;#e00000&#8243; header_2_text_color=&#8221;#e00000&#8243; header_2_line_height=&#8221;1.1em&#8221; header_3_font=&#8221;|600||on|||||&#8221; text_orientation=&#8221;justified&#8221; custom_margin=&#8221;||0.3em|&#8221; hover_enabled=&#8221;0&#8243; global_colors_info=&#8221;{}&#8221; sticky_enabled=&#8221;0&#8243;]\n<p>Pots visitar les nostres \u00f2ptiques quan et vingui b\u00e9 i -dins el nostre horari d&#8217;obertura-<strong> t&#8217;atendrem encara que no tinguis cita<\/strong>.<\/p>\n<p>Per\u00f2, <strong>si vols evitar les sempre molestes esperes, et recomanem sol\u00b7licitar cita pr\u00e8via<\/strong>.<\/p>\n<p>Per a programar la teva visita, nom\u00e9s has d&#8217;<strong>emplenar el formulari inferior<\/strong> i ens posarem en contacte amb tu per a reservar-te la data i l&#8217;hora que et vagi millor.<\/p>\n[\/et_pb_text][et_pb_text admin_label=&#8221;Formulario programado con shortcode&#8221; _builder_version=&#8221;4.7.7&#8243; header_font=&#8221;|||on|||||&#8221; header_text_color=&#8221;#e00000&#8243; header_2_text_color=&#8221;#e00000&#8243; header_2_line_height=&#8221;1.1em&#8221; header_3_font=&#8221;|600||on|||||&#8221; text_orientation=&#8221;justified&#8221; custom_margin=&#8221;||0.3em|&#8221; global_colors_info=&#8221;{}&#8221;][cita-previa][\/et_pb_text][et_pb_text admin_label=&#8221;Texto RGPD&#8221; _builder_version=&#8221;4.7.7&#8243; text_font_size=&#8221;12px&#8221; header_font=&#8221;|||on|||||&#8221; header_text_color=&#8221;#e00000&#8243; header_2_text_color=&#8221;#e00000&#8243; header_2_line_height=&#8221;1.1em&#8221; header_3_font=&#8221;|600||on|||||&#8221; text_orientation=&#8221;justified&#8221; custom_margin=&#8221;||0.3em|&#8221; global_colors_info=&#8221;{}&#8221;]\n<p>MUTRAOPTIC, SL com a responsable de l&#8217;tractament tractar\u00e0 les dades amb la finalitat de enviar-la nostra newsletter amb novetats comercials sobre els nostres serveis. Pots accedir, rectificar i suprimir les teves dades, aix\u00ed com exercir altres drets consultant la informaci\u00f3 addicional i detallada sobre protecci\u00f3 de dades a la nostra <a href=\"https:\/\/www.optica-andorrana.com\/ca\/politica-de-privacitat\"> pol\u00edtica de Privacitat <\/a> <\/ p>[\/et_pb_text][\/et_pb_column][\/et_pb_row][\/et_pb_section]\n<span class=\"updated dn\">9 maig,2020<\/span>","protected":false},"excerpt":{"rendered":"<p>Demana la teva cita previaPots visitar les nostres \u00f2ptiques quan et vingui b\u00e9 i -dins el nostre horari d&#8217;obertura- t&#8217;atendrem encara que no tinguis cita. Per\u00f2, si vols evitar les sempre molestes esperes, et recomanem sol\u00b7licitar cita pr\u00e8via. Per a programar la teva visita, nom\u00e9s has d&#8217;emplenar el formulari inferior i ens posarem en contacte [&hellip;]<\/p>\n","protected":false},"author":1,"featured_media":0,"parent":0,"menu_order":0,"comment_status":"closed","ping_status":"closed","template":"","meta":{"_acf_changed":false,"_et_pb_use_builder":"on","_et_pb_old_content":"","_et_gb_content_width":"","footnotes":""},"class_list":["post-10184","page","type-page","status-publish","hentry"],"acf":[],"yoast_head":"<!-- This site is optimized with the Yoast SEO plugin v27.5 - https:\/\/yoast.com\/product\/yoast-seo-wordpress\/ -->\n<title>Reserva cita pr\u00e8via en el teu \u00f2ptica m\u00e9s propera - \u00d3ptica Andorrana<\/title>\n<meta name=\"description\" content=\"Reserva la teva cita pr\u00e8via a les nostres \u00f2ptiques. T&#039;atendrem de manera individualitzada i amb totes les mesures de seguretat.\" \/>\n<meta name=\"robots\" content=\"index, follow, max-snippet:-1, max-image-preview:large, max-video-preview:-1\" \/>\n<link rel=\"canonical\" href=\"https:\/\/www.optica-andorrana.com\/ca\/cita-previa\/\" \/>\n<meta property=\"og:locale\" content=\"ca_ES\" \/>\n<meta property=\"og:type\" content=\"article\" \/>\n<meta property=\"og:title\" content=\"Reserva cita pr\u00e8via en el teu \u00f2ptica m\u00e9s propera - \u00d3ptica Andorrana\" \/>\n<meta property=\"og:description\" content=\"Reserva la teva cita pr\u00e8via a les nostres \u00f2ptiques. T&#039;atendrem de manera individualitzada i amb totes les mesures de seguretat.\" \/>\n<meta property=\"og:url\" content=\"https:\/\/www.optica-andorrana.com\/ca\/cita-previa\/\" \/>\n<meta property=\"og:site_name\" content=\"\u00d3ptica Andorrana\" \/>\n<meta property=\"article:publisher\" content=\"https:\/\/www.facebook.com\/laandorrana\/\" \/>\n<meta property=\"article:modified_time\" content=\"2022-04-25T13:00:28+00:00\" \/>\n<meta name=\"twitter:card\" content=\"summary_large_image\" \/>\n<meta name=\"twitter:site\" content=\"@OpticaAndorrana\" \/>\n<meta name=\"twitter:label1\" content=\"Temps estimat de lectura\" \/>\n\t<meta name=\"twitter:data1\" content=\"2 minuts\" \/>\n<script type=\"application\/ld+json\" class=\"yoast-schema-graph\">{\"@context\":\"https:\\\/\\\/schema.org\",\"@graph\":[{\"@type\":\"WebPage\",\"@id\":\"https:\\\/\\\/www.optica-andorrana.com\\\/ca\\\/cita-previa\\\/\",\"url\":\"https:\\\/\\\/www.optica-andorrana.com\\\/ca\\\/cita-previa\\\/\",\"name\":\"Reserva cita pr\u00e8via en el teu \u00f2ptica m\u00e9s propera - \u00d3ptica Andorrana\",\"isPartOf\":{\"@id\":\"https:\\\/\\\/www.optica-andorrana.com\\\/ca\\\/#website\"},\"datePublished\":\"2020-05-09T04:10:25+00:00\",\"dateModified\":\"2022-04-25T13:00:28+00:00\",\"description\":\"Reserva la teva cita pr\u00e8via a les nostres \u00f2ptiques. T'atendrem de manera individualitzada i amb totes les mesures de seguretat.\",\"breadcrumb\":{\"@id\":\"https:\\\/\\\/www.optica-andorrana.com\\\/ca\\\/cita-previa\\\/#breadcrumb\"},\"inLanguage\":\"ca\",\"potentialAction\":[{\"@type\":\"ReadAction\",\"target\":[\"https:\\\/\\\/www.optica-andorrana.com\\\/ca\\\/cita-previa\\\/\"]}]},{\"@type\":\"BreadcrumbList\",\"@id\":\"https:\\\/\\\/www.optica-andorrana.com\\\/ca\\\/cita-previa\\\/#breadcrumb\",\"itemListElement\":[{\"@type\":\"ListItem\",\"position\":1,\"name\":\"Portada\",\"item\":\"https:\\\/\\\/www.optica-andorrana.com\\\/ca\\\/\"},{\"@type\":\"ListItem\",\"position\":2,\"name\":\"Cita pr\u00e8via\"}]},{\"@type\":\"WebSite\",\"@id\":\"https:\\\/\\\/www.optica-andorrana.com\\\/ca\\\/#website\",\"url\":\"https:\\\/\\\/www.optica-andorrana.com\\\/ca\\\/\",\"name\":\"\u00d3ptica Andorrana\",\"description\":\"ed de \u00f3pticas con gafas de sol, gafas graduadas y lentes de contacto de primeras marcas a los siempre rebajados precios de Andorra\",\"publisher\":{\"@id\":\"https:\\\/\\\/www.optica-andorrana.com\\\/ca\\\/#organization\"},\"potentialAction\":[{\"@type\":\"SearchAction\",\"target\":{\"@type\":\"EntryPoint\",\"urlTemplate\":\"https:\\\/\\\/www.optica-andorrana.com\\\/ca\\\/?s={search_term_string}\"},\"query-input\":{\"@type\":\"PropertyValueSpecification\",\"valueRequired\":true,\"valueName\":\"search_term_string\"}}],\"inLanguage\":\"ca\"},{\"@type\":\"Organization\",\"@id\":\"https:\\\/\\\/www.optica-andorrana.com\\\/ca\\\/#organization\",\"name\":\"\u00d3ptica Andorrana\",\"url\":\"https:\\\/\\\/www.optica-andorrana.com\\\/ca\\\/\",\"logo\":{\"@type\":\"ImageObject\",\"inLanguage\":\"ca\",\"@id\":\"https:\\\/\\\/www.optica-andorrana.com\\\/ca\\\/#\\\/schema\\\/logo\\\/image\\\/\",\"url\":\"https:\\\/\\\/www.optica-andorrana.com\\\/wp-content\\\/uploads\\\/2022\\\/12\\\/logo-pie.png\",\"contentUrl\":\"https:\\\/\\\/www.optica-andorrana.com\\\/wp-content\\\/uploads\\\/2022\\\/12\\\/logo-pie.png\",\"width\":300,\"height\":274,\"caption\":\"\u00d3ptica Andorrana\"},\"image\":{\"@id\":\"https:\\\/\\\/www.optica-andorrana.com\\\/ca\\\/#\\\/schema\\\/logo\\\/image\\\/\"},\"sameAs\":[\"https:\\\/\\\/www.facebook.com\\\/laandorrana\\\/\",\"https:\\\/\\\/x.com\\\/OpticaAndorrana\",\"https:\\\/\\\/www.instagram.com\\\/opticaandorrana\\\/\",\"https:\\\/\\\/www.linkedin.com\\\/company\\\/optica-andorrana\"]}]}<\/script>\n<!-- \/ Yoast SEO plugin. -->","yoast_head_json":{"title":"Reserva cita pr\u00e8via en el teu \u00f2ptica m\u00e9s propera - \u00d3ptica Andorrana","description":"Reserva la teva cita pr\u00e8via a les nostres \u00f2ptiques. T'atendrem de manera individualitzada i amb totes les mesures de seguretat.","robots":{"index":"index","follow":"follow","max-snippet":"max-snippet:-1","max-image-preview":"max-image-preview:large","max-video-preview":"max-video-preview:-1"},"canonical":"https:\/\/www.optica-andorrana.com\/ca\/cita-previa\/","og_locale":"ca_ES","og_type":"article","og_title":"Reserva cita pr\u00e8via en el teu \u00f2ptica m\u00e9s propera - \u00d3ptica Andorrana","og_description":"Reserva la teva cita pr\u00e8via a les nostres \u00f2ptiques. T'atendrem de manera individualitzada i amb totes les mesures de seguretat.","og_url":"https:\/\/www.optica-andorrana.com\/ca\/cita-previa\/","og_site_name":"\u00d3ptica Andorrana","article_publisher":"https:\/\/www.facebook.com\/laandorrana\/","article_modified_time":"2022-04-25T13:00:28+00:00","twitter_card":"summary_large_image","twitter_site":"@OpticaAndorrana","twitter_misc":{"Temps estimat de lectura":"2 minuts"},"schema":{"@context":"https:\/\/schema.org","@graph":[{"@type":"WebPage","@id":"https:\/\/www.optica-andorrana.com\/ca\/cita-previa\/","url":"https:\/\/www.optica-andorrana.com\/ca\/cita-previa\/","name":"Reserva cita pr\u00e8via en el teu \u00f2ptica m\u00e9s propera - \u00d3ptica Andorrana","isPartOf":{"@id":"https:\/\/www.optica-andorrana.com\/ca\/#website"},"datePublished":"2020-05-09T04:10:25+00:00","dateModified":"2022-04-25T13:00:28+00:00","description":"Reserva la teva cita pr\u00e8via a les nostres \u00f2ptiques. T'atendrem de manera individualitzada i amb totes les mesures de seguretat.","breadcrumb":{"@id":"https:\/\/www.optica-andorrana.com\/ca\/cita-previa\/#breadcrumb"},"inLanguage":"ca","potentialAction":[{"@type":"ReadAction","target":["https:\/\/www.optica-andorrana.com\/ca\/cita-previa\/"]}]},{"@type":"BreadcrumbList","@id":"https:\/\/www.optica-andorrana.com\/ca\/cita-previa\/#breadcrumb","itemListElement":[{"@type":"ListItem","position":1,"name":"Portada","item":"https:\/\/www.optica-andorrana.com\/ca\/"},{"@type":"ListItem","position":2,"name":"Cita pr\u00e8via"}]},{"@type":"WebSite","@id":"https:\/\/www.optica-andorrana.com\/ca\/#website","url":"https:\/\/www.optica-andorrana.com\/ca\/","name":"\u00d3ptica Andorrana","description":"ed de \u00f3pticas con gafas de sol, gafas graduadas y lentes de contacto de primeras marcas a los siempre rebajados precios de Andorra","publisher":{"@id":"https:\/\/www.optica-andorrana.com\/ca\/#organization"},"potentialAction":[{"@type":"SearchAction","target":{"@type":"EntryPoint","urlTemplate":"https:\/\/www.optica-andorrana.com\/ca\/?s={search_term_string}"},"query-input":{"@type":"PropertyValueSpecification","valueRequired":true,"valueName":"search_term_string"}}],"inLanguage":"ca"},{"@type":"Organization","@id":"https:\/\/www.optica-andorrana.com\/ca\/#organization","name":"\u00d3ptica Andorrana","url":"https:\/\/www.optica-andorrana.com\/ca\/","logo":{"@type":"ImageObject","inLanguage":"ca","@id":"https:\/\/www.optica-andorrana.com\/ca\/#\/schema\/logo\/image\/","url":"https:\/\/www.optica-andorrana.com\/wp-content\/uploads\/2022\/12\/logo-pie.png","contentUrl":"https:\/\/www.optica-andorrana.com\/wp-content\/uploads\/2022\/12\/logo-pie.png","width":300,"height":274,"caption":"\u00d3ptica Andorrana"},"image":{"@id":"https:\/\/www.optica-andorrana.com\/ca\/#\/schema\/logo\/image\/"},"sameAs":["https:\/\/www.facebook.com\/laandorrana\/","https:\/\/x.com\/OpticaAndorrana","https:\/\/www.instagram.com\/opticaandorrana\/","https:\/\/www.linkedin.com\/company\/optica-andorrana"]}]}},"_links":{"self":[{"href":"https:\/\/www.optica-andorrana.com\/ca\/wp-json\/wp\/v2\/pages\/10184","targetHints":{"allow":["GET"]}}],"collection":[{"href":"https:\/\/www.optica-andorrana.com\/ca\/wp-json\/wp\/v2\/pages"}],"about":[{"href":"https:\/\/www.optica-andorrana.com\/ca\/wp-json\/wp\/v2\/types\/page"}],"author":[{"embeddable":true,"href":"https:\/\/www.optica-andorrana.com\/ca\/wp-json\/wp\/v2\/users\/1"}],"replies":[{"embeddable":true,"href":"https:\/\/www.optica-andorrana.com\/ca\/wp-json\/wp\/v2\/comments?post=10184"}],"version-history":[{"count":22,"href":"https:\/\/www.optica-andorrana.com\/ca\/wp-json\/wp\/v2\/pages\/10184\/revisions"}],"predecessor-version":[{"id":14538,"href":"https:\/\/www.optica-andorrana.com\/ca\/wp-json\/wp\/v2\/pages\/10184\/revisions\/14538"}],"wp:attachment":[{"href":"https:\/\/www.optica-andorrana.com\/ca\/wp-json\/wp\/v2\/media?parent=10184"}],"curies":[{"name":"wp","href":"https:\/\/api.w.org\/{rel}","templated":true}]}}