{"id":1236,"date":"2018-09-06T17:36:26","date_gmt":"2018-09-06T16:36:26","guid":{"rendered":"http:\/\/www.optica-andorrana.com\/blog\/?page_id=1236"},"modified":"2020-05-04T06:13:54","modified_gmt":"2020-05-04T05:13:54","slug":"normes-del-bloc","status":"publish","type":"page","link":"https:\/\/www.optica-andorrana.com\/ca\/normes-del-bloc\/","title":{"rendered":"Politica de privacitat i normes del bloc"},"content":{"rendered":"[et_pb_section fb_built=&#8221;1&#8243; _builder_version=&#8221;3.22&#8243; custom_padding=&#8221;2%|||&#8221; da_is_popup=&#8221;off&#8221; da_exit_intent=&#8221;off&#8221; da_has_close=&#8221;on&#8221; da_alt_close=&#8221;off&#8221; da_dark_close=&#8221;off&#8221; da_not_modal=&#8221;on&#8221; da_is_singular=&#8221;off&#8221; da_with_loader=&#8221;off&#8221; da_has_shadow=&#8221;on&#8221; da_disable_devices=&#8221;off|off|off&#8221;][et_pb_row _builder_version=&#8221;3.25&#8243;][et_pb_column type=&#8221;4_4&#8243; _builder_version=&#8221;3.25&#8243; custom_padding=&#8221;|||&#8221; custom_padding__hover=&#8221;|||&#8221;][et_pb_text admin_label=&#8221;T\u00edtulo&#8221; _builder_version=&#8221;4.4.3&#8243; text_font=&#8221;|600|||||||&#8221; header_font=&#8221;|700||on|||||&#8221; header_text_color=&#8221;#e00000&#8243; header_2_font=&#8221;|700|||||||&#8221; header_2_text_color=&#8221;#e00000&#8243; header_2_line_height=&#8221;1.1em&#8221; custom_margin=&#8221;||0.3em|&#8221; hover_enabled=&#8221;0&#8243;]\n<h1 class=\"entry-title\" rel=\"bookmark\">Politica de privacitat i normes del bloc<\/h1>\n[\/et_pb_text][et_pb_text _builder_version=&#8221;3.27.4&#8243; header_font=&#8221;|||on|||||&#8221; header_text_color=&#8221;#e00000&#8243; header_2_text_color=&#8221;#e00000&#8243; header_2_line_height=&#8221;1.1em&#8221; header_3_font=&#8221;|600||on|||||&#8221; text_orientation=&#8221;justified&#8221; custom_margin=&#8221;||0.3em|&#8221;]\n<h3>1.- IDENTIFICACI\u00d3N DEL TITULAR<\/h3>\n<p>www.optica-andorrana.com es un dominio titularidad deMUTRAOPTIC, SL domiciliada en cl Coso Bajo, 37 &#8211; HUESCA 22001 (HUESCA) B22308902, inscrita en el Registro Mercantil de , y direcci\u00f3n de correo<br \/>\nelectr\u00f3nico info@optica-andorrana.com<\/p>\n<h3>2.- PROTECCI\u00d3N DE DATOS<\/h3>\n<p><b>MUTRAOPTIC, SL<\/b> es el Responsable del tratamiento de los datos personales del Usuario y le informa que estos datos ser\u00e1n tratados de conformidad con lo dispuesto en las normativas vigentes en protecci\u00f3n de datos y conforme a la normativa vigente de la sociedad de la informaci\u00f3n, por lo que se facilita la siguiente informaci\u00f3n del tratamiento:<\/p>\n<p><b>Fin del tratamiento:<\/b> mantener una relaci\u00f3n comercial con el Usuario. Las operaciones previstas para realizar el tratamiento son:<\/p>\n<ul>\n<li>Remisi\u00f3n de comunicaciones comerciales publicitarias, siempre y cuando se haya autorizado previamente, por email, fax, SMS, MMS, comunidades sociales o cualquier otro medio electr\u00f3nico o f\u00edsico, presente o futuro, que posibilite realizar comunicaciones comerciales. Estas comunicaciones ser\u00e1n realizadas por <b>MUTRAOPTIC, SL<\/b> y relacionadas sobre sus productos y servicios, o de sus colaboradores o proveedores con los que \u00e9ste haya alcanzado alg\u00fan acuerdo de promoci\u00f3n. En este caso, los terceros nunca tendr\u00e1n acceso a los datos personales.<\/li>\n<li>Realizar estudios estad\u00edsticos.<\/li>\n<li>Tramitar encargos, solicitudes o cualquier tipo de petici\u00f3n que sea realizada por el usuario a trav\u00e9s de cualquiera de las formas de contacto que se ponen a su disposici\u00f3n.<\/li>\n<li>Remitir el bolet\u00edn de noticias de la p\u00e1gina web.<\/li>\n<li>En caso de que presente por v\u00eda electr\u00f3nica y\/o a trav\u00e9s de un formulario web, su curr\u00edculum a nuestra empresa, sus datos se tratar\u00e1n confidencialmente y con la finalidad exclusiva de la tramitaci\u00f3n de su candidatura.<\/li>\n<li>La transmisi\u00f3n de datos tendr\u00e1 lugar de forma cifrada. En caso de producirse alguna modificaci\u00f3n en sus datos, le rogamos nos lo comunique por escrito lo antes posible, con objeto de mantener sus datos debidamente actualizados.<\/li>\n<\/ul>\n<p><b>Criterios de conservaci\u00f3n de los datos:<\/b> se conservar\u00e1n mientras exista un inter\u00e9s mutuo para mantener el fin del tratamiento y cuando ya no sea necesario para tal fin, se suprimir\u00e1n con medidas de seguridad adecuadas para garantizar la seudonimizaci\u00f3n de los datos o la destrucci\u00f3n total de los mismos.<\/p>\n<p><b>Destinatarios de los datos:<\/b> Salvo obligaci\u00f3n legal,<b> MUTRAOPTIC, SL<\/b> informa y garantiza expresamente a los usuarios que sus datos personales no ser\u00e1n cedidos en ning\u00fan caso a terceros, y que siempre que realizar\u00e1 alg\u00fan tipo de cesi\u00f3n de datos personales, se pedir\u00e1 previamente el consentimiento expreso, informado e inequ\u00edvoco por parte los Usuarios.<\/p>\n<p><b>Transferencias Internacionales:<\/b> No se realizan Transferencias Internacionales de datos a terceros pa\u00edses fuera de la Uni\u00f3n Europea.<\/p>\n<p>Derechos que asisten al Usuario:<\/p>\n<ul>\n<li>Derecho a retirar el consentimiento en cualquier momento.<\/li>\n<li>Derecho de acceso, rectificaci\u00f3n, portabilidad y supresi\u00f3n de sus datos y a la limitaci\u00f3n u oposici\u00f3n al su<br \/>\ntratamiento.<\/li>\n<li>Derecho a presentar una reclamaci\u00f3n ante la autoridad de control (agpd.es) si considera que el tratamiento no<br \/>\nse ajusta a la normativa vigente.<\/li>\n<li>Podr\u00e1 revocar en cualquier momento el consentimiento prestado a la recepci\u00f3n de comunicaciones<br \/>\ncomerciales, enviando su solicitud al correo electr\u00f3nico info@optica-andorrana.com<\/li>\n<\/ul>\n<p>Datos de contacto para ejercer sus derechos:<\/p>\n<ul>\n<li>Direcci\u00f3n postal: cl Coso Bajo, 37 &#8211; HUESCA 22001 (HUESCA)<\/li>\n<li>Direcci\u00f3n electr\u00f3nica:info@optica-andorrana.com<\/li>\n<\/ul>\n<p>Los Usuarios, mediante la marcaci\u00f3n de las casillas correspondientes y entrada de datos en los campos, marcados con un asterisco (*) en el formulario de contacto o presentados en formularios de descarga, aceptan expresamente y de forma libre e inequ\u00edvoca, que sus datos son necesarios para atender su petici\u00f3n, por parte del prestador, siendo voluntaria la<br \/>\ninclusi\u00f3n de datos en los campos restantes. El Usuario garantiza que los datos personales facilitados a MUTRAOPTIC, SL son veraces y se hace responsable de comunicar cualquier modificaci\u00f3n de los mismos.<\/p>\n<p>Todos los datos solicitados a trav\u00e9s del sitio web son obligatorios, ya que son necesarios para la prestaci\u00f3n de un servicio \u00f3ptimo al Usuario. En caso de que no sean facilitados todos los datos, no se garantiza que la informaci\u00f3n y servicios facilitados sea completamente ajustados a sus necesidades.<\/p>\n<h3>3.- MEDIDAS DE SEGURIDAD<\/h3>\n<p>MUTRAOPTIC, SL est\u00e1 cumpliendo con la normativa vigente en protecci\u00f3n de datos, y manifiesta que los datos son tratados de manera l\u00edcita, leal y transparente en relaci\u00f3n con el interesado y adecuados, pertinentes y limitados a lo necesario en relaci\u00f3n con los fines para los que son tratados.<\/p>\n<p><b>MUTRAOPTIC, SL<\/b> garantiza que ha implementado pol\u00edticas t\u00e9cnicas y organizativas apropiadas para aplicar las medidas de seguridad que establecen la normativa vigente en protecci\u00f3n de datos, con el fin de proteger los derechos y libertades de los Usuarios y les ha comunicado la informaci\u00f3n adecuada para que puedan ejercerlos.<\/p>\n<h3>4.- DERECHOS DE PROPIEDAD INTELECTUAL E INDUSTRIAL<\/h3>\n<p>El sitio web, incluyendo a t\u00edtulo enunciativo, pero no limitativo su programaci\u00f3n, edici\u00f3n, compilaci\u00f3n y dem\u00e1s elementos necesarios para su funcionamiento, los dise\u00f1os, logotipos, texto y\/o gr\u00e1ficos, son propiedad de <b>MUTRAOPTIC, SL<\/b> o, si es el caso, dispone de licencia o autorizaci\u00f3n expresa por parte de los autores. Todos los contenidos del sitio web se<br \/>\nencuentran debidamente protegidos por la normativa de propiedad intelectual e industrial, as\u00ed como inscritos en los registros p\u00fablicos correspondientes.<\/p>\n<p>Independientemente de la finalidad para la que fueran destinados, la reproducci\u00f3n total o parcial, uso, explotaci\u00f3n, distribuci\u00f3n y comercializaci\u00f3n, requiere en todo caso de la autorizaci\u00f3n escrita previa por parte de <b>MUTRAOPTIC, SL.<\/b><\/p>\n<p>Cualquier uso no autorizado previamente se considera un incumplimiento grave de los derechos de propiedad intelectual o industrial del autor.<\/p>\n<p>Los dise\u00f1os, logotipos, texto y\/o gr\u00e1ficos ajenos a <b>MUTRAOPTIC, SL<\/b> y que pudieran aparecer en el sitio web, pertenecen a sus respectivos propietarios, siendo ellos mismos responsables de cualquier posible controversia que pudiera suscitarse respecto a los mismos.<\/p>\n<p><b>MUTRAOPTIC, SL<\/b> reconoce a favor de sus titulares los correspondientes derechos de propiedad intelectual e industrial, no implicando su sola menci\u00f3n o aparici\u00f3n en el sitio web la existencia de derechos o responsabilidad alguna sobre los mismos, como tampoco respaldo, patrocinio recomendaci\u00f3n por parte del mismo.<\/p>\n<p>Para realizar cualquier tipo de observaci\u00f3n respecto a posibles incumplimientos de los derechos de propiedad intelectual o industrial, as\u00ed como sobre cualquiera de los contenidos del sitio web, puede hacerlo a trav\u00e9s del correo electr\u00f3nico <b>info@optica-andorrana.com<\/b><\/p>\n<h3>5.- EXENCI\u00d3N DE RESPONSABILIDADES<\/h3>\n<p>MUTRAOPTIC, SL se exime de cualquier tipo de responsabilidad derivada de la informaci\u00f3n publicada en su sitio web siempre que esta informaci\u00f3n haya sido manipulada o introducida por un tercero ajeno al mismo.<\/p>\n<p><b>Pol\u00edtica de enlaces<\/b><\/p>\n<p>Desde el sitio web, es posible que se redirija a contenidos de terceros sitios web. Dado que <b>MUTRAOPTIC, SL<\/b> no puede controlar siempre los contenidos introducidos por los terceros en sus respectivos sitios web, no asume ning\u00fan tipo de responsabilidad respecto a dichos contenidos. En todo caso, proceder\u00e1 a la retirada inmediata de cualquier contenido que<br \/>\npudiera contravenir la legislaci\u00f3n nacional o internacional, la moral o el orden p\u00fablico, procediendo a la retirada inmediata de la redirecci\u00f3n a dicho sitio web, poniendo en conocimiento de las autoridades competentes el contenido en cuesti\u00f3n.<\/p>\n<p><b>MUTRAOPTIC, SL<\/b> no se hace responsable de la informaci\u00f3n y contenidos almacenados, a t\u00edtulo enunciativo, pero no limitativo, en foros, chats, generadores de blogs, comentarios, redes sociales o cualquier otro medio que permita a terceros publicar contenidos de forma independiente en la p\u00e1gina web de <b>MUTRAOPTIC, SL.<\/b> Sin embargo, y en cumplimiento de lo dispuesto en la normativa vigente de la Sociedad de la Informaci\u00f3n, se pone a disposici\u00f3n de todos los usuarios, autoridades y fuerzas de seguridad, colaborando de forma activa en la retirada o, en su caso, bloqueo de todos aquellos contenidos que puedan afectar o contravenir la legislaci\u00f3n nacional o internacional, los derechos de terceros o la moral y el orden p\u00fablico. En caso de que el usuario considere que existe en el sitio web alg\u00fan contenido que pudiera ser susceptible de esta clasificaci\u00f3n, se ruega lo notifique de forma inmediata al administrador del sitio web.<\/p>\n<p>Este sitio web ha sido revisado y probado para que funcione correctamente. En principio, puede garantizarse el correcto funcionamiento los 365 d\u00edas del a\u00f1o, 24 horas al d\u00eda. Sin embargo, <b>MUTRAOPTIC, SL<\/b> no descarta la posibilidad de que existan ciertos errores de programaci\u00f3n, o que acontezcan causas de fuerza mayor, cat\u00e1strofes naturales, huelgas o circunstancias semejantes que hagan imposible el acceso a la p\u00e1gina web.<\/p>\n<p><b>Direcciones IP<\/b><\/p>\n<p>Los servidores del sitio web podr\u00e1n detectar de manera autom\u00e1tica la direcci\u00f3n IP y el nombre de dominio utilizados por el usuario. Una direcci\u00f3n IP es un n\u00famero asignado autom\u00e1ticamente a un ordenador cuando \u00e9ste se conecta a Internet.<\/p>\n<p>Toda esta informaci\u00f3n es registrada en un fichero de actividad del servidor debidamente inscrito que permite el posterior procesamiento de los datos con el fin de obtener mediciones \u00fanicamente estad\u00edsticas que permitan conocer el n\u00famero de impresiones de p\u00e1ginas, el n\u00famero de visitas realizadas a los servidores web, el orden de visitas, el punto de acceso, etc.<\/p>\n<h3>6.- NORMAS DEL COMPORTAMIENTO DEL BLOG<\/h3>\n<p><b>MUTRAOPTIC, SL<\/b> le agradece su inter\u00e9s por hacer uso de nuestros canales de participaci\u00f3n. Los comentarios son una v\u00eda de participaci\u00f3n para todos los usuarios de este medio.<br \/>\nSi quieres participar en nuestros blogs, tendr\u00e1s que aceptar estas reglas:<\/p>\n<p>1.- Responsabilidad del Usuario. Al participar en los blogs de la web eres el \u00fanico responsable de los mensajes que difundas a trav\u00e9s de aquellos, garantizando a <b>MUTRAOPTIC, SL<\/b> la total indemnidad frente cualquier reclamaci\u00f3n que pudiera plante\u00e1rsele por tales conceptos.<\/p>\n<p>En caso de que los mensajes contengan material protegido por derechos de propiedad intelectual o industrial, el usuario garantiza que es su propietario o cuenta con la autorizaci\u00f3n del propietario para difundirlo en los Blogs.<\/p>\n<p>Y se exime a <b>MUTRAOPTIC, SL<\/b> de cualquier reclamaci\u00f3n de terceros que se planteara por tales conceptos.<\/p>\n<p>2. El usuario deber\u00e1, antes de publicar un mensaje, elegir el blog apropiado. Aquellos mensajes que no se ajusten a la tem\u00e1tica del blog podr\u00e1n ser eliminados. Est\u00e1 totalmente prohibido publicar promociones y enlaces de ofertas comerciales, publicidad, material promocional, cartas cadena ni cualquier actividad promocional directa o indirecta o cualquier otro tipo de comentario que no se ajuste al normal desarrollo de los temas de los blogs.<\/p>\n<p>3. El usuario deber\u00e1 respetar al resto de usuarios. El usuario debe ser tolerante y respetuoso con los mensajes y opiniones de los dem\u00e1s usuarios. Se podr\u00e1n suprimir aquellos mensajes que puedan ser considerados lesivos contra los derechos de terceros o que atenten contra el desarrollo pac\u00edfico de los blogs.<\/p>\n<p>4. <b>MUTRAOPTIC, SL<\/b> se reserva el derecho de reproducir, modificar, o difundir los mensajes publicados en los blogs de la web conforme a los t\u00e9rminos y medios convenientes sin que por ello corresponda al usuario ning\u00fan tipo de compensaci\u00f3n.<\/p>\n<p>5. <b>MUTRAOPTIC, SL<\/b> no es responsable de lo publicado en los blogs de la web ni garantiza la veracidad o exactitud de ninguna informaci\u00f3n publicada en los mismos. Corresponde al usuario remitente de los mensajes o informaciones la responsabilidad sobre su contenido.<\/p>\n<p>6. <b>MUTRAOPTIC, SL<\/b> no garantiza la disponibilidad ni continuidad del servicio de blogs de la web, pudiendo modificarlo, suspenderlo o eliminarlo de la web sin previo aviso, en cualquier momento.<\/p>\n<p>7. En el caso de que un usuario pueda verse afectado por actuaciones ilegales, o detecte un mal uso de los blogs de la web por parte de otros usuarios, podr\u00e1 ponerlo en conocimiento de <b>MUTRAOPTIC, SL<\/b>, a trav\u00e9s del correo electr\u00f3nico <b>info@optica-andorrana.com<\/b>, indicando en la referencia del asunto \u201cmoderaci\u00f3n de blogs\u201d, para que <b>MUTRAOPTIC, SL<\/b><br \/>\npueda moderar o eliminar los mismos.<\/p>\n<p>8. El usuario mantendr\u00e1 indemne a <b>MUTRAOPTIC, SL<\/b> frente a cualquier reclamaci\u00f3n que pudiera present\u00e1rsele por los mensajes que el usuario haya difundido en los blogs o por cualquier otra conducta vinculada o derivada de la utilizaci\u00f3n por el usuario de los blogs de la web.<\/p>\n<p><b>7.- LEY APLICABLE Y JURISDICCI\u00d3N<\/b><br \/>La ley aplicable en caso de disputa o conflicto de interpretaci\u00f3n de los t\u00e9rminos que conforman esta Pol\u00edtica de Privacidad,<br \/>\nas\u00ed como cualquier cuesti\u00f3n relacionada con los servicios de la presente web, ser\u00e1 la ley espa\u00f1ola.<\/p>\n[\/et_pb_text][\/et_pb_column][\/et_pb_row][\/et_pb_section]\n<span class=\"updated dn\">6 setembre,2018<\/span>","protected":false},"excerpt":{"rendered":"<p>Politica de privacitat i normes del bloc 1.- IDENTIFICACI\u00d3N DEL TITULAR www.optica-andorrana.com es un dominio titularidad deMUTRAOPTIC, SL domiciliada en cl Coso Bajo, 37 &#8211; HUESCA 22001 (HUESCA) B22308902, inscrita en el Registro Mercantil de , y direcci\u00f3n de correo electr\u00f3nico info@optica-andorrana.com 2.- PROTECCI\u00d3N DE DATOS MUTRAOPTIC, SL es el Responsable del tratamiento de los [&hellip;]<\/p>\n","protected":false},"author":1,"featured_media":0,"parent":0,"menu_order":0,"comment_status":"closed","ping_status":"closed","template":"","meta":{"_acf_changed":false,"_et_pb_use_builder":"on","_et_pb_old_content":"","_et_gb_content_width":"","footnotes":""},"class_list":["post-1236","page","type-page","status-publish","hentry"],"acf":[],"yoast_head":"<!-- This site is optimized with the Yoast SEO plugin v27.4 - https:\/\/yoast.com\/product\/yoast-seo-wordpress\/ -->\n<title>Politica de privacitat i normes del bloc - \u00d3ptica Andorrana<\/title>\n<meta name=\"robots\" content=\"noindex, nofollow\" \/>\n<meta property=\"og:locale\" content=\"ca_ES\" \/>\n<meta property=\"og:type\" content=\"article\" \/>\n<meta property=\"og:title\" content=\"Politica de privacitat i normes del bloc - \u00d3ptica Andorrana\" \/>\n<meta property=\"og:description\" content=\"Politica de privacitat i normes del bloc 1.- IDENTIFICACI\u00d3N DEL TITULAR www.optica-andorrana.com es un dominio titularidad deMUTRAOPTIC, SL domiciliada en cl Coso Bajo, 37 - HUESCA 22001 (HUESCA) B22308902, inscrita en el Registro Mercantil de , y direcci\u00f3n de correo electr\u00f3nico info@optica-andorrana.com 2.- PROTECCI\u00d3N DE DATOS MUTRAOPTIC, SL es el Responsable del tratamiento de los [&hellip;]\" \/>\n<meta property=\"og:url\" content=\"https:\/\/www.optica-andorrana.com\/ca\/normes-del-bloc\/\" \/>\n<meta property=\"og:site_name\" content=\"\u00d3ptica Andorrana\" \/>\n<meta property=\"article:publisher\" content=\"https:\/\/www.facebook.com\/laandorrana\/\" \/>\n<meta property=\"article:modified_time\" content=\"2020-05-04T05:13:54+00:00\" \/>\n<meta name=\"twitter:card\" content=\"summary_large_image\" \/>\n<meta name=\"twitter:site\" content=\"@OpticaAndorrana\" \/>\n<meta name=\"twitter:label1\" content=\"Temps estimat de lectura\" \/>\n\t<meta name=\"twitter:data1\" content=\"11 minuts\" \/>\n<script type=\"application\/ld+json\" class=\"yoast-schema-graph\">{\"@context\":\"https:\\\/\\\/schema.org\",\"@graph\":[{\"@type\":\"WebPage\",\"@id\":\"https:\\\/\\\/www.optica-andorrana.com\\\/ca\\\/normes-del-bloc\\\/\",\"url\":\"https:\\\/\\\/www.optica-andorrana.com\\\/ca\\\/normes-del-bloc\\\/\",\"name\":\"Politica de privacitat i normes del bloc - \u00d3ptica Andorrana\",\"isPartOf\":{\"@id\":\"https:\\\/\\\/www.optica-andorrana.com\\\/ca\\\/#website\"},\"datePublished\":\"2018-09-06T16:36:26+00:00\",\"dateModified\":\"2020-05-04T05:13:54+00:00\",\"breadcrumb\":{\"@id\":\"https:\\\/\\\/www.optica-andorrana.com\\\/ca\\\/normes-del-bloc\\\/#breadcrumb\"},\"inLanguage\":\"ca\",\"potentialAction\":[{\"@type\":\"ReadAction\",\"target\":[\"https:\\\/\\\/www.optica-andorrana.com\\\/ca\\\/normes-del-bloc\\\/\"]}]},{\"@type\":\"BreadcrumbList\",\"@id\":\"https:\\\/\\\/www.optica-andorrana.com\\\/ca\\\/normes-del-bloc\\\/#breadcrumb\",\"itemListElement\":[{\"@type\":\"ListItem\",\"position\":1,\"name\":\"Portada\",\"item\":\"https:\\\/\\\/www.optica-andorrana.com\\\/ca\\\/\"},{\"@type\":\"ListItem\",\"position\":2,\"name\":\"Politica de privacitat i normes del bloc\"}]},{\"@type\":\"WebSite\",\"@id\":\"https:\\\/\\\/www.optica-andorrana.com\\\/ca\\\/#website\",\"url\":\"https:\\\/\\\/www.optica-andorrana.com\\\/ca\\\/\",\"name\":\"\u00d3ptica Andorrana\",\"description\":\"ed de \u00f3pticas con gafas de sol, gafas graduadas y lentes de contacto de primeras marcas a los siempre rebajados precios de Andorra\",\"publisher\":{\"@id\":\"https:\\\/\\\/www.optica-andorrana.com\\\/ca\\\/#organization\"},\"potentialAction\":[{\"@type\":\"SearchAction\",\"target\":{\"@type\":\"EntryPoint\",\"urlTemplate\":\"https:\\\/\\\/www.optica-andorrana.com\\\/ca\\\/?s={search_term_string}\"},\"query-input\":{\"@type\":\"PropertyValueSpecification\",\"valueRequired\":true,\"valueName\":\"search_term_string\"}}],\"inLanguage\":\"ca\"},{\"@type\":\"Organization\",\"@id\":\"https:\\\/\\\/www.optica-andorrana.com\\\/ca\\\/#organization\",\"name\":\"\u00d3ptica Andorrana\",\"url\":\"https:\\\/\\\/www.optica-andorrana.com\\\/ca\\\/\",\"logo\":{\"@type\":\"ImageObject\",\"inLanguage\":\"ca\",\"@id\":\"https:\\\/\\\/www.optica-andorrana.com\\\/ca\\\/#\\\/schema\\\/logo\\\/image\\\/\",\"url\":\"https:\\\/\\\/www.optica-andorrana.com\\\/wp-content\\\/uploads\\\/2022\\\/12\\\/logo-pie.png\",\"contentUrl\":\"https:\\\/\\\/www.optica-andorrana.com\\\/wp-content\\\/uploads\\\/2022\\\/12\\\/logo-pie.png\",\"width\":300,\"height\":274,\"caption\":\"\u00d3ptica Andorrana\"},\"image\":{\"@id\":\"https:\\\/\\\/www.optica-andorrana.com\\\/ca\\\/#\\\/schema\\\/logo\\\/image\\\/\"},\"sameAs\":[\"https:\\\/\\\/www.facebook.com\\\/laandorrana\\\/\",\"https:\\\/\\\/x.com\\\/OpticaAndorrana\",\"https:\\\/\\\/www.instagram.com\\\/opticaandorrana\\\/\",\"https:\\\/\\\/www.linkedin.com\\\/company\\\/optica-andorrana\"]}]}<\/script>\n<!-- \/ Yoast SEO plugin. -->","yoast_head_json":{"title":"Politica de privacitat i normes del bloc - \u00d3ptica Andorrana","robots":{"index":"noindex","follow":"nofollow"},"og_locale":"ca_ES","og_type":"article","og_title":"Politica de privacitat i normes del bloc - \u00d3ptica Andorrana","og_description":"Politica de privacitat i normes del bloc 1.- IDENTIFICACI\u00d3N DEL TITULAR www.optica-andorrana.com es un dominio titularidad deMUTRAOPTIC, SL domiciliada en cl Coso Bajo, 37 - HUESCA 22001 (HUESCA) B22308902, inscrita en el Registro Mercantil de , y direcci\u00f3n de correo electr\u00f3nico info@optica-andorrana.com 2.- PROTECCI\u00d3N DE DATOS MUTRAOPTIC, SL es el Responsable del tratamiento de los [&hellip;]","og_url":"https:\/\/www.optica-andorrana.com\/ca\/normes-del-bloc\/","og_site_name":"\u00d3ptica Andorrana","article_publisher":"https:\/\/www.facebook.com\/laandorrana\/","article_modified_time":"2020-05-04T05:13:54+00:00","twitter_card":"summary_large_image","twitter_site":"@OpticaAndorrana","twitter_misc":{"Temps estimat de lectura":"11 minuts"},"schema":{"@context":"https:\/\/schema.org","@graph":[{"@type":"WebPage","@id":"https:\/\/www.optica-andorrana.com\/ca\/normes-del-bloc\/","url":"https:\/\/www.optica-andorrana.com\/ca\/normes-del-bloc\/","name":"Politica de privacitat i normes del bloc - \u00d3ptica Andorrana","isPartOf":{"@id":"https:\/\/www.optica-andorrana.com\/ca\/#website"},"datePublished":"2018-09-06T16:36:26+00:00","dateModified":"2020-05-04T05:13:54+00:00","breadcrumb":{"@id":"https:\/\/www.optica-andorrana.com\/ca\/normes-del-bloc\/#breadcrumb"},"inLanguage":"ca","potentialAction":[{"@type":"ReadAction","target":["https:\/\/www.optica-andorrana.com\/ca\/normes-del-bloc\/"]}]},{"@type":"BreadcrumbList","@id":"https:\/\/www.optica-andorrana.com\/ca\/normes-del-bloc\/#breadcrumb","itemListElement":[{"@type":"ListItem","position":1,"name":"Portada","item":"https:\/\/www.optica-andorrana.com\/ca\/"},{"@type":"ListItem","position":2,"name":"Politica de privacitat i normes del bloc"}]},{"@type":"WebSite","@id":"https:\/\/www.optica-andorrana.com\/ca\/#website","url":"https:\/\/www.optica-andorrana.com\/ca\/","name":"\u00d3ptica Andorrana","description":"ed de \u00f3pticas con gafas de sol, gafas graduadas y lentes de contacto de primeras marcas a los siempre rebajados precios de Andorra","publisher":{"@id":"https:\/\/www.optica-andorrana.com\/ca\/#organization"},"potentialAction":[{"@type":"SearchAction","target":{"@type":"EntryPoint","urlTemplate":"https:\/\/www.optica-andorrana.com\/ca\/?s={search_term_string}"},"query-input":{"@type":"PropertyValueSpecification","valueRequired":true,"valueName":"search_term_string"}}],"inLanguage":"ca"},{"@type":"Organization","@id":"https:\/\/www.optica-andorrana.com\/ca\/#organization","name":"\u00d3ptica Andorrana","url":"https:\/\/www.optica-andorrana.com\/ca\/","logo":{"@type":"ImageObject","inLanguage":"ca","@id":"https:\/\/www.optica-andorrana.com\/ca\/#\/schema\/logo\/image\/","url":"https:\/\/www.optica-andorrana.com\/wp-content\/uploads\/2022\/12\/logo-pie.png","contentUrl":"https:\/\/www.optica-andorrana.com\/wp-content\/uploads\/2022\/12\/logo-pie.png","width":300,"height":274,"caption":"\u00d3ptica Andorrana"},"image":{"@id":"https:\/\/www.optica-andorrana.com\/ca\/#\/schema\/logo\/image\/"},"sameAs":["https:\/\/www.facebook.com\/laandorrana\/","https:\/\/x.com\/OpticaAndorrana","https:\/\/www.instagram.com\/opticaandorrana\/","https:\/\/www.linkedin.com\/company\/optica-andorrana"]}]}},"_links":{"self":[{"href":"https:\/\/www.optica-andorrana.com\/ca\/wp-json\/wp\/v2\/pages\/1236","targetHints":{"allow":["GET"]}}],"collection":[{"href":"https:\/\/www.optica-andorrana.com\/ca\/wp-json\/wp\/v2\/pages"}],"about":[{"href":"https:\/\/www.optica-andorrana.com\/ca\/wp-json\/wp\/v2\/types\/page"}],"author":[{"embeddable":true,"href":"https:\/\/www.optica-andorrana.com\/ca\/wp-json\/wp\/v2\/users\/1"}],"replies":[{"embeddable":true,"href":"https:\/\/www.optica-andorrana.com\/ca\/wp-json\/wp\/v2\/comments?post=1236"}],"version-history":[{"count":3,"href":"https:\/\/www.optica-andorrana.com\/ca\/wp-json\/wp\/v2\/pages\/1236\/revisions"}],"predecessor-version":[{"id":10135,"href":"https:\/\/www.optica-andorrana.com\/ca\/wp-json\/wp\/v2\/pages\/1236\/revisions\/10135"}],"wp:attachment":[{"href":"https:\/\/www.optica-andorrana.com\/ca\/wp-json\/wp\/v2\/media?parent=1236"}],"curies":[{"name":"wp","href":"https:\/\/api.w.org\/{rel}","templated":true}]}}